{"id":1647,"date":"2023-11-17T10:07:49","date_gmt":"2023-11-17T09:07:49","guid":{"rendered":"https:\/\/guerkan-pastirma.de\/helal\/"},"modified":"2025-03-13T09:20:54","modified_gmt":"2025-03-13T08:20:54","slug":"helal","status":"publish","type":"page","link":"https:\/\/guerkan-pastirma.de\/tr\/helal\/","title":{"rendered":"Helal"},"content":{"rendered":"<div class=\"fusion-fullwidth fullwidth-box fusion-builder-row-1 fusion-flex-container has-pattern-background has-mask-background nonhundred-percent-fullwidth non-hundred-percent-height-scrolling\" style=\"--awb-border-radius-top-left:0px;--awb-border-radius-top-right:0px;--awb-border-radius-bottom-right:0px;--awb-border-radius-bottom-left:0px;--awb-margin-top:90px;\" ><div class=\"fusion-builder-row fusion-row fusion-flex-align-items-flex-start\" style=\"max-width:1248px;margin-left: calc(-4% \/ 2 );margin-right: calc(-4% \/ 2 );\"><div class=\"fusion-layout-column fusion_builder_column fusion-builder-column-0 fusion_builder_column_1_2 1_2 fusion-flex-column\" style=\"--awb-bg-size:cover;--awb-width-large:50%;--awb-spacing-right-large:3.84%;--awb-spacing-left-large:3.84%;--awb-width-medium:50%;--awb-order-medium:0;--awb-spacing-right-medium:3.84%;--awb-spacing-left-medium:3.84%;--awb-width-small:100%;--awb-order-small:0;--awb-spacing-right-small:1.92%;--awb-spacing-left-small:1.92%;\"><div class=\"fusion-column-wrapper fusion-column-has-shadow fusion-flex-justify-content-flex-start fusion-content-layout-column\"><div class=\"fusion-text fusion-text-1\"><p><b>Helal \u00dcr\u00fcnlere Duydu\u011funuz G\u00fcven<\/b><\/p>\n<p>1999 y\u0131l\u0131ndan beri, G\u00fcrkan Past\u0131rma olarak \u00fcr\u00fcnlerimizin helal standartlar\u0131na uygunlu\u011funa b\u00fcy\u00fck \u00f6nem veriyoruz. Bu taahh\u00fcd\u00fcm\u00fcz, \u00fcretimin \u00f6tesine ge\u00e7erek zanaat\u0131m\u0131z\u0131n her detay\u0131n\u0131 kaps\u0131yor.<\/p>\n<p><b>Kalite ve Sertifikalar<\/b><\/p>\n<p>Mannheim Institute for Halal Quality sertifikas\u0131na sahip oldu\u011fumuzu ve en y\u00fcksek kalite ve g\u00fcvenlik gereksinimlerini garanti eden IFS Food standartlar\u0131na uydu\u011fumuzu gururla belirtmek isteriz. \u00dcr\u00fcnlerimizin sadece helal olmas\u0131 de\u011fil, ayn\u0131 zamanda t\u00fcm i\u015fleyi\u015fimizin bu standartlara uygun olmas\u0131 bizim i\u00e7in \u00f6nemlidir. \u015eeffafl\u0131k ve en y\u00fcksek standartlara olan ba\u011fl\u0131l\u0131\u011f\u0131m\u0131z, proseslerimizin tamam\u0131na entegre edilir. \u00dcr\u00fcnlerimiz, \u00f6zellikle Kayseri Past\u0131rma, Tosun Past\u0131rma ve Kuzu Past\u0131rma gibi \u00e7e\u015fitli T\u00fcrk Past\u0131rmalar\u0131, ustal\u0131k gerektiren tekniklerle \u00fcretilir. Kendini i\u015fine adam\u0131\u015f \u00e7al\u0131\u015fanlar\u0131m\u0131z kapsaml\u0131 bilgi ve becerilerini kullanarak her bir par\u00e7an\u0131n en y\u00fcksek kalite standartlar\u0131n\u0131 kar\u015f\u0131lad\u0131\u011f\u0131ndan emin olmak i\u00e7in \u00e7al\u0131\u015f\u0131rlar. En kaliteli etler, uzun bir olgunla\u015fma s\u00fcrecine tabi tutulur ve bu benzersiz lezzeti y\u00fczy\u0131llar \u00f6nce icat eden kadim T\u00fcrk ak\u0131nc\u0131lar\u0131n\u0131n geleneksel y\u00f6ntemlerinin \u0131\u015f\u0131\u011f\u0131nda preslenir.<\/p>\n<p><b>\u015eeffaf Tedarik Zinciri<\/b><\/p>\n<p>Helal \u00fcretim taahh\u00fcd\u00fcm\u00fcz kendi s\u00fcre\u00e7lerimizin de \u00f6tesindedir. Etimizi ve t\u00fcm baharatlar\u0131m\u0131z\u0131 sadece kat\u0131 kriterlerine uyan tedarik\u00e7ilerden sa\u011fl\u0131yoruz. Bu kriterler, helal sertifikalar, kalite y\u00f6netim sistemleri ve hayvan kesimi ve par\u00e7alama s\u00fcre\u00e7lerinde helal y\u00f6nergelerine uyumu i\u00e7erir. \u00dcr\u00fcnlerimizin safl\u0131\u011f\u0131n\u0131 ve helal kurallar\u0131na uyumunu sa\u011flamak i\u00e7in hammadelerimizi d\u00fczenli olarak akredite edilmi\u015f bir laboratuvarda kapsaml\u0131 bir \u015fekilde inceletiyoruz. Bu uygulama, \u00fcr\u00fcnlerimizin saf ve Helal olmas\u0131n\u0131 sa\u011flaman\u0131n yan\u0131 s\u0131ra, \u00fcretimde kulland\u0131\u011f\u0131m\u0131z temizlik ve dezenfeksiyon \u00fcr\u00fcnlerinin de Helal prensiplere uygun oldu\u011funu garanti eder. Bu standartlar, sadece \u00fcretimimiz i\u00e7in de\u011fil, ayn\u0131 zamanda t\u00fcm tedarik\u00e7ilerimiz i\u00e7in de ge\u00e7erlidir.<\/p>\n<p>Etlerimizi temin etti\u011fimiz kasaplar ve t\u00fcccarlarla yak\u0131n temaslar\u0131m\u0131z sayesinde maksimum \u015feffafl\u0131k sa\u011fl\u0131yoruz. D\u00fczenli ziyaretler, helal uyumlulu\u011funu bizzat do\u011frulamam\u0131za olanak tan\u0131r. Tesislerin durumu ve \u00e7al\u0131\u015fma y\u00f6ntemleri konusuna b\u00fcy\u00fck \u00f6nem veriyoruz ve sekt\u00f6r\u00fcm\u00fcz\u00fcn zorluklar\u0131 hakk\u0131nda a\u00e7\u0131k ileti\u015fim kuruyoruz. Bu sayede, sat\u0131n ald\u0131\u011f\u0131m\u0131z \u00fcr\u00fcnlerin yaln\u0131zca Helal olarak etiketlendirilmedi\u011finden, ger\u00e7ekten Helal oldu\u011fundan emin oluruz.<\/p>\n<p><b>Mannheim Institute for Halal Quality ile \u0130\u015fbirli\u011fi<\/b><\/p>\n<p>Tan\u0131nm\u0131\u015f Mannheim Institute for Halal Quality ile olan i\u015fbirli\u011fimiz kar\u015f\u0131l\u0131kl\u0131 g\u00fcvene dayanmaktad\u0131r. En ba\u015f\u0131ndan beri bize dan\u0131\u015fmanl\u0131k yapmakta ve Helal standartlar\u0131yla ilgili t\u00fcm konularda bize destek olmaktad\u0131rlar. Bu destek, sadece i\u015fbirli\u011fimizle s\u0131n\u0131rl\u0131 kalmamamakta, m\u00fc\u015fterilerimiz de Helal et ve Past\u0131rma konular\u0131nda herhangi bir sorular\u0131 oldu\u011funda dilerlerse Enstit\u00fcye ba\u015fvurabilmektedirler.<\/p>\n<p>Memnuniyetiniz ve g\u00fcveniniz bizim i\u00e7in son derece \u00f6nemlidir.<\/p>\n<\/div><\/div><\/div><div class=\"fusion-layout-column fusion_builder_column fusion-builder-column-1 fusion_builder_column_1_2 1_2 fusion-flex-column\" style=\"--awb-bg-size:cover;--awb-width-large:50%;--awb-spacing-right-large:3.84%;--awb-spacing-left-large:3.84%;--awb-width-medium:50%;--awb-order-medium:0;--awb-spacing-right-medium:3.84%;--awb-spacing-left-medium:3.84%;--awb-width-small:100%;--awb-order-small:0;--awb-spacing-right-small:1.92%;--awb-spacing-left-small:1.92%;\"><div class=\"fusion-column-wrapper fusion-column-has-shadow fusion-flex-justify-content-flex-start fusion-content-layout-column\"><div class=\"fusion-image-element \"><span class=\" fusion-imageframe imageframe-none imageframe-1 hover-type-none\"><a class=\"fusion-no-lightbox\" href=\"https:\/\/guerkan-pastirma.de\/wp-content\/uploads\/2025\/03\/Gurkan-Pastirma-HFZ-2025-08.03.2026-1.pdf\" target=\"_self\" aria-label=\"Gu\u0308rkan Pastirma HFZ 2025 08.03.2026\"><img decoding=\"async\" width=\"1810\" height=\"2560\" src=\"https:\/\/guerkan-pastirma.de\/wp-content\/uploads\/2025\/03\/Gurkan-Pastirma-HFZ-2025-08.03.2026-scaled.jpg\" data-orig-src=\"https:\/\/guerkan-pastirma.de\/wp-content\/uploads\/2025\/03\/Gurkan-Pastirma-HFZ-2025-08.03.2026-scaled.jpg\" alt class=\"lazyload img-responsive wp-image-2180\" srcset=\"data:image\/svg+xml,%3Csvg%20xmlns%3D%27http%3A%2F%2Fwww.w3.org%2F2000%2Fsvg%27%20width%3D%271810%27%20height%3D%272560%27%20viewBox%3D%270%200%201810%202560%27%3E%3Crect%20width%3D%271810%27%20height%3D%272560%27%20fill-opacity%3D%220%22%2F%3E%3C%2Fsvg%3E\" data-srcset=\"https:\/\/guerkan-pastirma.de\/wp-content\/uploads\/2025\/03\/Gurkan-Pastirma-HFZ-2025-08.03.2026-200x283.jpg 200w, https:\/\/guerkan-pastirma.de\/wp-content\/uploads\/2025\/03\/Gurkan-Pastirma-HFZ-2025-08.03.2026-400x566.jpg 400w, https:\/\/guerkan-pastirma.de\/wp-content\/uploads\/2025\/03\/Gurkan-Pastirma-HFZ-2025-08.03.2026-600x849.jpg 600w, https:\/\/guerkan-pastirma.de\/wp-content\/uploads\/2025\/03\/Gurkan-Pastirma-HFZ-2025-08.03.2026-800x1131.jpg 800w, https:\/\/guerkan-pastirma.de\/wp-content\/uploads\/2025\/03\/Gurkan-Pastirma-HFZ-2025-08.03.2026-1200x1697.jpg 1200w, https:\/\/guerkan-pastirma.de\/wp-content\/uploads\/2025\/03\/Gurkan-Pastirma-HFZ-2025-08.03.2026-scaled.jpg 1810w\" data-sizes=\"auto\" data-orig-sizes=\"(max-width: 640px) 100vw, 600px\" \/><\/a><\/span><\/div><\/div><\/div><\/div><\/div>\n","protected":false},"excerpt":{"rendered":"","protected":false},"author":1,"featured_media":0,"parent":0,"menu_order":0,"comment_status":"closed","ping_status":"closed","template":"100-width.php","meta":{"footnotes":""},"class_list":["post-1647","page","type-page","status-publish","hentry"],"acf":[],"_links":{"self":[{"href":"https:\/\/guerkan-pastirma.de\/tr\/wp-json\/wp\/v2\/pages\/1647","targetHints":{"allow":["GET"]}}],"collection":[{"href":"https:\/\/guerkan-pastirma.de\/tr\/wp-json\/wp\/v2\/pages"}],"about":[{"href":"https:\/\/guerkan-pastirma.de\/tr\/wp-json\/wp\/v2\/types\/page"}],"author":[{"embeddable":true,"href":"https:\/\/guerkan-pastirma.de\/tr\/wp-json\/wp\/v2\/users\/1"}],"replies":[{"embeddable":true,"href":"https:\/\/guerkan-pastirma.de\/tr\/wp-json\/wp\/v2\/comments?post=1647"}],"version-history":[{"count":14,"href":"https:\/\/guerkan-pastirma.de\/tr\/wp-json\/wp\/v2\/pages\/1647\/revisions"}],"predecessor-version":[{"id":2186,"href":"https:\/\/guerkan-pastirma.de\/tr\/wp-json\/wp\/v2\/pages\/1647\/revisions\/2186"}],"wp:attachment":[{"href":"https:\/\/guerkan-pastirma.de\/tr\/wp-json\/wp\/v2\/media?parent=1647"}],"curies":[{"name":"wp","href":"https:\/\/api.w.org\/{rel}","templated":true}]}}