{"id":1320,"date":"2023-02-07T13:04:16","date_gmt":"2023-02-07T12:04:16","guid":{"rendered":"https:\/\/guerkan-pastirma.de\/?page_id=1320"},"modified":"2023-02-22T12:01:41","modified_gmt":"2023-02-22T11:01:41","slug":"agb","status":"publish","type":"page","link":"https:\/\/guerkan-pastirma.de\/tr\/agb\/","title":{"rendered":"\u015eartlar ve Ko\u015fullar"},"content":{"rendered":"<div class=\"fusion-fullwidth fullwidth-box fusion-builder-row-1 fusion-flex-container has-pattern-background has-mask-background nonhundred-percent-fullwidth non-hundred-percent-height-scrolling\" style=\"--awb-border-radius-top-left:0px;--awb-border-radius-top-right:0px;--awb-border-radius-bottom-right:0px;--awb-border-radius-bottom-left:0px;\" ><div class=\"fusion-builder-row fusion-row fusion-flex-align-items-flex-start fusion-flex-justify-content-center\" style=\"max-width:1248px;margin-left: calc(-4% \/ 2 );margin-right: calc(-4% \/ 2 );\"><div class=\"fusion-layout-column fusion_builder_column fusion-builder-column-0 fusion_builder_column_5_6 5_6 fusion-flex-column fusion-flex-align-self-center\" style=\"--awb-bg-size:cover;--awb-width-large:83.333333333333%;--awb-spacing-right-large:2.304%;--awb-spacing-left-large:2.304%;--awb-width-medium:83.333333333333%;--awb-order-medium:0;--awb-spacing-right-medium:2.304%;--awb-spacing-left-medium:2.304%;--awb-width-small:100%;--awb-order-small:0;--awb-spacing-right-small:1.92%;--awb-spacing-left-small:1.92%;\"><div class=\"fusion-column-wrapper fusion-column-has-shadow fusion-flex-justify-content-center fusion-content-layout-column\"><div class=\"fusion-title title fusion-title-1 fusion-sep-none fusion-title-text fusion-title-size-one\"><h1 class=\"title-heading-left\" style=\"margin:0;\"><h1 class=\"elementor-heading-title elementor-size-default\">Allgemeine Gesch\u00e4ftsbedingungen der Firma G\u00fcrkan<\/h1><\/h1><\/div><div class=\"fusion-text fusion-text-1\"><p><strong>I. Allgemein<\/strong><br \/>\n1. Die Lieferungs- und Zahlungsbedingungen der Firma G\u00fcrkan sind Bestandteil aller Angebote und Vertr\u00e4ge.<br \/>\n2. Abweichenden Bedingungen des Vertragspartners, K\u00e4ufers, Bestellers oder Lieferanten wird ausdr\u00fccklich widersprochen. Solche Bedingungen verpflichten uns auch dann nicht, wenn wir ihnen bei Vertragsschluss, Lieferung oder sonstiger Ausf\u00fchrung des Vertrages nicht noch einmal widersprechen. \u00dcbereinstimmende Teile von Allgemeinen Gesch\u00e4ftsbedingungen werden Vertragsbestandteil.<br \/>\n3. Erf\u00fcllungsort f\u00fcr alle Verpflichtungen der Firma G\u00fcrkan, f\u00fcr die Abnahme und f\u00fcr die Zahlung sowie f\u00fcr alle sonstigen Beziehungen aus von uns abgeschlossenen Vertr\u00e4gen, ist Paderborn.<br \/>\n4. Es gilt ausschlie\u00dflich das Recht der Bundesrepublik Deutschland unter Ausschluss des UN-Kaufrechts und des deutschen internationalen Privatrechts.<\/p>\n<p><strong>II. Angebote<\/strong><br \/>\n1. Angebote verstehen sich auf umgehende Zusage. Sie sind f\u00fcr uns stets freibleibend. Zwischenverkauf behalten wir uns vor. Vertr\u00e4ge kommen nur mit schriftlicher Zusage von unserer Seite zustande.<br \/>\n2. Von uns herausgegebene Brosch\u00fcren sowie Werbematerial jeglicher Art, auch in elektronischen Medien, und die darin enthaltenen Daten enthalten keine Zusicherung von Eigenschaften, sondern lediglich unverbindliche Beschreibungen der Waren und Leistungen. Angaben aus solchen Unterlagen werden nur dann Vertragsbestandteil, wenn wir sie in dem Best\u00e4tigungsschreiben ausdr\u00fccklich als verbindlich bezeichnen.<\/p>\n<p><strong>III. Preise<\/strong><br \/>\n1. Unsere Preis gelten in Euro, jeweils ab Lager oder Betrieb, ausschlie\u00dflich Verpackung. Sie verstehen sich zuz\u00fcglich der am Liefertage geltenden Umsatzsteuer.<br \/>\n2. Preis- und Kostenerh\u00f6hungen, \u00c4nderung von Frachten, Z\u00f6llen, Steuern, sonstigen Abgaben usw. zwischen Auftragsbest\u00e4tigung und Lieferung berechtigen zu einer Preisberichtigung, wenn nicht ausdr\u00fccklich Festpreise vereinbart sind.<br \/>\n3. Abrufauftr\u00e4ge werden zu den am Liefertage g\u00fcltigen Notierungen abgerechnet. Bei Preis\u00e4nderungen wird der urspr\u00fcnglich vereinbarte Preis mit 100 % zugrunde gelegt und die \u00c4nderung entsprechend in Rechnung gestellt. Best\u00e4tigte Preise gelten nur bei Abnahme der vereinbarten Mengen. Abweichungen aufgrund von Anweisungen des Bestellers um mehr als 10 % berechtigen uns, den Kalkulationspreis f\u00fcr die ver\u00e4nderte Menge zu stellen.<\/p>\n<p><strong>IV. Lieferung<\/strong><br \/>\n1. Jede Lieferung -auch frachtfreie- erfolgt auf Gefahr des Kunden. Mit der \u00dcbergabe der Ware an einen Spediteur, Frachtf\u00fchrer oder Abholer, sp\u00e4testens jedoch mit dem Verlassen unseres Betriebes, geht die Bef\u00f6rderungsgefahr auf den Kunden \u00fcber, und zwar auch beim Transport mit unseren Bef\u00f6rderungsmitteln.<br \/>\n2. Das Ausgangsgewicht wird in unserem Lager unter Kontrolle festgestellt. Gewichtsabweichungen m\u00fcssen bei \u00dcbernahme der Ware schriftlich ger\u00fcgt werden und auf dem Frachtbrief bzw. bei Anlieferung auf dem Lieferschein aufgef\u00fchrt und quittiert werden, solange die Lieferung noch komplett ist. Der Vertrag ist von uns auch dann ordnungsgem\u00e4\u00df erf\u00fcllt, wenn wir ein Mehr- bzw. Mindergewicht von bis zu 5% liefern. Der K\u00e4ufer hat bei solcher Mehr- bzw Minderbelieferung keinen Anspruch auf Nachbelieferung mit der Restmenge bzw. kein R\u00fcckgaberecht hinsichtlich der Mehrlieferung. Unsere Rechnungslegung entspricht der tats\u00e4chlichen Lieferung.<br \/>\n3. Wir sind zu Teilleistungen berechtigt, soweit dies nach den Umst\u00e4nden des Einzelfalles dem Kunden zumutbar ist. Die dar\u00fcber erteilten Rechnungen sind unabh\u00e4ngig von der Gesamtrechnungf\u00e4llig.<br \/>\n4. Verpackungs- und Versandkosten werden uns zum Selbstkostenpreis zzgl. der gesetzlichen Umsatzsteuer in Rechnung gestellt.<br \/>\n5. Lieferzeiten werden von uns nach bestem Ermessen angegeben und beginnen nach Klarstellung aller Ausf\u00fchrungseinzelheiten mit dem Tage der Auftragsbest\u00e4tigung. Sie verstehen sich als ann\u00e4hernd. Bei Eintritt unvorhergesehener Hindernisse, die au\u00dferhalb unseres Einflussbereiches liegen oder bei Hindernissen, f\u00fcr die unsere Zulieferer verantwortlich sind, verl\u00e4ngert sich die Lieferzeit angemessen. Dies gilt auch dann, wenn die Hindernisse w\u00e4hrend eines bestehenden Verzuges entstanden sind.<br \/>\n6. Wir haben das Recht unter Ausschluss jedweder Ersatzanspr\u00fcche bei dauerhaften Betriebsst\u00f6rungen durch h\u00f6here Gewalt, Aufruhr, Rohstoffersch\u00f6pfung oder von uns nicht zu vertretenden Betriebsst\u00f6rungen oder f\u00fcr den Fall, dass wir ohne unser Verschulden von unserem Vorlieferanten nicht beliefert werden, ganz oder teilweise vom Vertrag zur\u00fcckzutreten. Verzugsstrafe oder Schadensersatz bleiben in diesen F\u00e4llen ausgeschlossen.<br \/>\n7. Falls zur Abholung bereitgestellte Ware nicht innerhalb von 8 Tagen abgeholt wurde, erfolgt Berechnung. Wenn vom Besteller keine Versandart vorgeschrieben wurde, w\u00e4hlen wir diese nach eigenem Ermessen.<\/p>\n<p><strong>V. Zahlung<\/strong><br \/>\n1. Zahlungen sind mit Erhalt der Rechnung ohne weitere Aufforderung sofort f\u00e4llig. Im Falle der Nichtzahlung tritt sp\u00e4testens 30 Tage nach Erhalt der Rechnung Verzug ein (\u00a7 286 Abs. 3 BGB).<br \/>\n2. K\u00e4ufer oder Vertragspartner sind nicht berechtigt, Zahlungen zur\u00fcckzubehalten oder aufzurechnen. Aufrechnung und Zur\u00fcckbehaltung sind ausnahmsweise m\u00f6glich im Falle der Aufrechnung unbestrittener, rechtskr\u00e4ftig festgestellter oder entscheidungsreifer Gegenforderungen. Die Aufrechnung muss einen Monat vor F\u00e4lligkeit angezeigt worden sein.<br \/>\n3. Im Verzugsfalle sind unsere Forderungen mit dem gesetzlichen Zinssatz zu verzinsen. Geltendmachung weiteren Schadens bleibt vorbehalten. Jede Mahnung, die von uns nach F\u00e4lligkeit der Rechnung abgeschickt wird, kann mit 5,- \u20ac je Mahnung dem Kunden in Rechnung gestellt werden.<br \/>\n5. Wir k\u00f6nnen jede Lieferung und Leistung von Vorauskasse abh\u00e4ngig machen.<\/p>\n<p><strong>VI. Eigentumsvorbehalt<\/strong><br \/>\nDie Bestimmungen \u00fcber den Eigentumsvorbehalt werden auch bei entsprechenden Abwehrklauseln des Kunden Vertragsinhalt, sobald dieser die Ware widerspruchslos entgegennimmt. Nimmt er die Ware widerspruchslos entgegen, liegt hierin eine stillschweigende Vereinbarung auch eines kaufvertraglichen Eigentumsvorbehaltes.<br \/>\n1. Wir behalten uns das Eigentum an s\u00e4mtlichen von uns gelieferten Waren bis zur vollst\u00e4ndigen Kaufpreiszahlung vor. Soweit der K\u00e4ufer Unternehmer ist, behalten wir uns das Eigentum an s\u00e4mtlichen von uns gelieferten Waren solange vor, bis unsere s\u00e4mtlichen Forderungen aus der Gesch\u00e4ftsbeziehung, auch aus sp\u00e4ter abgeschlossenen Vertr\u00e4gen, gleich aus welchem Rechtsgrund, bezahlt sind.<br \/>\n2. Der K\u00e4ufer ist berechtigt, die Ware in ordnungsgem\u00e4\u00dfem Gesch\u00e4ftsgang weiter zu ver\u00e4u\u00dfern, solange er sich mit der Erf\u00fcllung seiner Verpflichtungen uns gegen\u00fcber nicht in Verzug befindet oder seine Zahlungen einstellt.<br \/>\n3. Kommt der K\u00e4ufer mit der Kaufpreiszahlung in Verzug, sind wir von dem Erfordernis einer Nachfristsetzung gem. \u00a7 323 Abs. 1 BGB befreit und k\u00f6nnen sofort vom Vertrag zur\u00fccktreten.<br \/>\n4. Der K\u00e4ufer tritt hiermit die Forderungen aus dem Weiterverkauf oder den sonstigen Ver\u00e4u\u00dferungsgesch\u00e4ften wie z.B. Werklieferungsvertr\u00e4gen mit allen Nebenrechten an uns ab.<br \/>\na. Der K\u00e4ufer ist bis zu unserem Widerruf zur Einziehung der an uns abgetretenen Forderungen berechtigt. Die Einziehungserm\u00e4chtigung erlischt bei Widerruf, der bei Zahlungsverzug des K\u00e4ufers oder Zahlungseinstellung erfolgt. In diesem Fall sind wir vom K\u00e4ufer bevollm\u00e4chtigt, die Abnehmer von der Abtretung zu unterrichten und die Forderung selbst einzuziehen. Der K\u00e4ufer ist verpflichtet, uns auf Verlangen eine genaue Aufstellung der ihm zustehenden Forderung mit Namen und Anschrift der Abnehmer, H\u00f6he der einzelnen Forderung sowie Rechnungsdatum zu geben und uns alle f\u00fcr die Geltendmachung der abgetretenen Forderung notwendigen Ausk\u00fcnfte und Unterlagen zu erteilen und die \u00dcberpr\u00fcfung dieser Ausk\u00fcnfte zu gestatten.<br \/>\nb. Betr\u00e4ge, die aus abgetretenen Forderungen beim K\u00e4ufer eingehen, sind bis zur \u00dcberweisung gesondert f\u00fcr uns aufzuheben.<br \/>\n5. Verpf\u00e4ndung oder Sicherungs\u00fcbereignung der Vorbehaltsware oder der abgetretenen Forderungen sind unzul\u00e4ssig. Von Pf\u00e4ndung sind wir unter Angabe des Pf\u00e4ndungsgl\u00e4ubigers sofort zu unterrichten.<br \/>\n6. \u00dcbersteigt der Wert der uns zustehenden Sicherung unsere Gesamtforderung gegen den Besteller um mehr als 15 %, so sind wir auf Verlangen des K\u00e4ufers insoweit zur Freigabe verpflichtet.<br \/>\n7. Bei Zahlungsverzug oder Zahlungseinstellung durch den K\u00e4ufer sind wir berechtigt, die Vorbehaltsware zur\u00fcckzunehmen. Nehmen wir auf Grund unseres Vorbehaltes Vorbehaltsware zur\u00fcck, so liegt nur dann ein R\u00fccktritt vom Vertrage vor, wenn wir dies ausdr\u00fccklich erkl\u00e4ren. Wir k\u00f6nnen uns aus der zur\u00fcckgenommenen Vorbehaltsware freih\u00e4ndig befriedigen. Der K\u00e4ufer verwahrt die Vorbehaltsware f\u00fcr uns unentgeltlich. Er hat sie gegen die \u00fcblichen Gefahren wie Feuer, Diebstahl und Wasser im \u00fcblichen Umfang zu versichern. Der K\u00e4ufer tritt hiermit seine Entsch\u00e4digungsanspr\u00fcche, die ihm aus Sch\u00e4den der genannten Art gegen Versicherungsgesellschaften oder sonstige Ersatzverpflichtete zustehen, an uns in H\u00f6he unserer Forderung ab. Wir nehmen die Abtretung hiermit an.<\/p>\n<p><strong>VII. M\u00e4ngelr\u00fcgen und Gew\u00e4hrleistung<\/strong><br \/>\n1. M\u00e4ngelr\u00fcgen aller Art, auch soweit sie das Fehlen zugesicherter Eigenschaften oder Mengenabweichungen \u00fcber 5 % betreffen, m\u00fcssen unverz\u00fcglich nach Ankunft der Ware am Bestimmungsort bei uns schriftlich und konkret ger\u00fcgt werden. Verdeckte M\u00e4ngel sind sofort nach Feststellung zu r\u00fcgen. Jegliche Gew\u00e4hrleistung endet mit Ablauf von sechs Monaten nach Empfang der Ware.<br \/>\n2. Das Recht zur M\u00e4ngelr\u00fcge erlischt, wenn der Kunde die Ware nach Entdeckung des Mangels weiter gebraucht, verarbeitet oder ver\u00e4u\u00dfert. Wir haben das Recht, beanstandete Ware an Ort und Stelle zu besichtigen. Beanstandete Ware ist unverz\u00fcglich zur Pr\u00fcfung der Mangelhaftigkeit zur Verf\u00fcgung zu stellen.<br \/>\n3. Bei begr\u00fcndeter M\u00e4ngelr\u00fcge k\u00f6nnen wir nach Ermessen den Mangel beseitigen, sofern m\u00f6glich, oder eine Ersatzlieferung vornehmen.<br \/>\n4. Der Besteller kann vom Vertrag zur\u00fccktreten, wenn wir eine angemessene Nachfrist nach 3. schuldhaft verstreichen lassen. Er kann auch dann zur\u00fccktreten, wenn Nachbesserung oder Ersatzlieferung nicht m\u00f6glich sind. Anspr\u00fcche aus Nichterf\u00fcllung oder Schadensersatzanspr\u00fcche stehen dem Besteller in diesem Falle nicht zu.<\/p>\n<p><strong>IX. Haftung<\/strong><br \/>\n1. Unsere Haftung f\u00fcr Schadensersatz und f\u00fcr den Ersatz vergeblicher Aufwendungen, gleich aus welchem Rechtsgrund, ist auf grobe Fahrl\u00e4ssigkeit und Vorsatz beschr\u00e4nkt. Dies gilt auch f\u00fcr Pflichtverletzungen unserer gesetzlichen Vertreter und Erf\u00fcllungsgehilfen. Im Falle einfacher Fahrl\u00e4ssigkeit haften wir \u2013 gleich aus welchem Rechtsgrund \u2013 nur bei der Verletzung wesentlicher Vertragspflichten.<br \/>\n2. Der Besteller ist verpflichtet, uns vor Vertragsschluss auf besondere Risiken, atypische Schadensm\u00f6\u00adglichkeiten und ungew\u00f6hnliche Schadensh\u00f6hen hinzuweisen.<br \/>\n3. S\u00e4mtliche Haftungsbeschr\u00e4nkungen gelten nicht f\u00fcr Anspr\u00fcche im Zusammenhang mit der Verletzung des Lebens, des K\u00f6rpers oder der Gesundheit sowie f\u00fcr Anspr\u00fcche aus dem Produkthaftungsgesetz und weiteren, zwingenden haftungsbegr\u00fcndenden Vorschriften.<\/p>\n<p><strong>X. Gerichtsstand<\/strong><br \/>\nAusschlie\u00dflicher Gerichtsstand ist Paderborn. Dies gilt auch, falls der K\u00e4ufer keinen allgemeinen Gerichtsstand in der Bundesrepublik Deutschland hat, und auch f\u00fcr Urkunden-, Wechsel- und Scheckprozesse.<\/p>\n<p><strong>XI. Salvatorische Klausel<\/strong><br \/>\nSollte eine der vorstehenden Bestimmungen nichtig sein oder werden, so wird dadurch die G\u00fcltigkeit der restlichen Bestimmungen und des Vertrages im \u00fcbrigen nicht ber\u00fchrt.<\/p>\n<\/div><\/div><\/div><\/div><\/div>\n","protected":false},"excerpt":{"rendered":"","protected":false},"author":1,"featured_media":0,"parent":0,"menu_order":0,"comment_status":"closed","ping_status":"closed","template":"100-width.php","meta":{"footnotes":""},"class_list":["post-1320","page","type-page","status-publish","hentry"],"acf":[],"_links":{"self":[{"href":"https:\/\/guerkan-pastirma.de\/tr\/wp-json\/wp\/v2\/pages\/1320","targetHints":{"allow":["GET"]}}],"collection":[{"href":"https:\/\/guerkan-pastirma.de\/tr\/wp-json\/wp\/v2\/pages"}],"about":[{"href":"https:\/\/guerkan-pastirma.de\/tr\/wp-json\/wp\/v2\/types\/page"}],"author":[{"embeddable":true,"href":"https:\/\/guerkan-pastirma.de\/tr\/wp-json\/wp\/v2\/users\/1"}],"replies":[{"embeddable":true,"href":"https:\/\/guerkan-pastirma.de\/tr\/wp-json\/wp\/v2\/comments?post=1320"}],"version-history":[{"count":8,"href":"https:\/\/guerkan-pastirma.de\/tr\/wp-json\/wp\/v2\/pages\/1320\/revisions"}],"predecessor-version":[{"id":1481,"href":"https:\/\/guerkan-pastirma.de\/tr\/wp-json\/wp\/v2\/pages\/1320\/revisions\/1481"}],"wp:attachment":[{"href":"https:\/\/guerkan-pastirma.de\/tr\/wp-json\/wp\/v2\/media?parent=1320"}],"curies":[{"name":"wp","href":"https:\/\/api.w.org\/{rel}","templated":true}]}}