{"id":1149,"date":"2022-12-05T18:22:05","date_gmt":"2022-12-05T17:22:05","guid":{"rendered":"https:\/\/guerkan-pastirma.de\/tarihcemiz\/"},"modified":"2023-02-22T12:10:40","modified_gmt":"2023-02-22T11:10:40","slug":"pastirma","status":"publish","type":"page","link":"https:\/\/guerkan-pastirma.de\/tr\/pastirma\/","title":{"rendered":"Past\u0131rma"},"content":{"rendered":"<p><div class=\"fusion-fullwidth fullwidth-box fusion-builder-row-1 fusion-flex-container video-background has-pattern-background has-mask-background bottom-mask nonhundred-percent-fullwidth non-hundred-percent-height-scrolling lazyload\" style=\"--link_hover_color: var(--awb-color5);--link_color: var(--awb-color5);--awb-background-blend-mode:multiply;--awb-border-color:var(--awb-color1);--awb-border-radius-top-left:0px;--awb-border-radius-top-right:0px;--awb-border-radius-bottom-right:0px;--awb-border-radius-bottom-left:0px;--awb-padding-top:9vw;--awb-padding-bottom:0px;--awb-padding-top-small:70px;--awb-padding-right-small:40px;--awb-padding-bottom-small:70px;--awb-padding-left-small:40px;--awb-margin-bottom-medium:80px;--awb-margin-bottom-small:60px;--awb-background-color:rgba(0,0,0,0.3);\" data-bg=\"data:image\/svg+xml;utf8,%3Csvg%20xmlns%3D%22http%3A%2F%2Fwww.w3.org%2F2000%2Fsvg%22%20width%3D%221067%22%20height%3D%22667%22%20viewBox%3D%220%200%201067%20667%22%3E%3Crect%20fill%3D%22%23808080%22%20width%3D%221067%22%20height%3D%22667%22%2F%3E%3Ctext%20fill%3D%22rgba%28255%2C255%2C255%2C0.5%29%22%20font-family%3D%22sans-serif%22%20font-size%3D%2230%22%20dy%3D%2210.5%22%20font-weight%3D%22bold%22%20x%3D%2250%25%22%20y%3D%2250%25%22%20text-anchor%3D%22middle%22%3E1067%C3%97667%3C%2Ftext%3E%3C%2Fsvg%3E\" id=\"video-wrapper\" ><div class=\"fullwidth-video\"><video preload=\"auto\" autoplay playsinline loop muted><source src=\"https:\/\/guerkan-pastirma.de\/wp-content\/uploads\/2023\/02\/GUE-video-pastirma.mp4\" type=\"video\/mp4\"><\/video><\/div><div class=\"fullwidth-overlay\" style=\"background-color:rgba(0,0,0,0.3);\"><\/div><div class=\"fusion-builder-row fusion-row fusion-flex-align-items-center\" style=\"max-width:1248px;margin-left: calc(-4% \/ 2 );margin-right: calc(-4% \/ 2 );\"><div class=\"fusion-layout-column fusion_builder_column fusion-builder-column-0 fusion_builder_column_1_1 1_1 fusion-flex-column\" style=\"--awb-padding-bottom:150px;--awb-padding-bottom-medium:0px;--awb-bg-size:cover;--awb-width-large:100%;--awb-margin-top-large:0px;--awb-spacing-right-large:1.92%;--awb-margin-bottom-large:85px;--awb-spacing-left-large:1.92%;--awb-width-medium:100%;--awb-order-medium:0;--awb-spacing-right-medium:1.92%;--awb-spacing-left-medium:1.92%;--awb-width-small:100%;--awb-order-small:0;--awb-spacing-right-small:1.92%;--awb-spacing-left-small:1.92%;\"><div class=\"fusion-column-wrapper fusion-column-has-shadow fusion-flex-justify-content-flex-start fusion-content-layout-column\"><div class=\"fusion-title title fusion-title-1 fusion-no-medium-visibility fusion-no-large-visibility fusion-sep-none fusion-title-center fusion-title-text fusion-title-size-one\" style=\"--awb-text-color:var(--awb-color1);--awb-margin-top:0px;--awb-margin-right:15%;--awb-margin-bottom:30px;--awb-margin-left:15%;--awb-font-size:45px;\"><h1 class=\"title-heading-center\" style=\"margin:0;font-size:1em;text-transform:none;line-height:60px;\"><p class=\"p1\">Tarih\u00e7emiz<\/p><\/h1><\/div><div class=\"fusion-title title fusion-title-2 fusion-no-small-visibility fusion-sep-none fusion-title-center fusion-title-text fusion-title-size-one\" style=\"--awb-text-color:var(--awb-color1);--awb-margin-top:0px;--awb-margin-right:15%;--awb-margin-bottom:30px;--awb-margin-left:15%;\"><h1 class=\"title-heading-center\" style=\"margin:0;text-transform:none;\"><p class=\"p1\">Pastirma<\/p><\/h1><\/div><\/div><\/div><\/div><\/div><div class=\"fusion-fullwidth fullwidth-box fusion-builder-row-2 fusion-flex-container has-pattern-background has-mask-background nonhundred-percent-fullwidth non-hundred-percent-height-scrolling\" style=\"--awb-border-radius-top-left:0px;--awb-border-radius-top-right:0px;--awb-border-radius-bottom-right:0px;--awb-border-radius-bottom-left:0px;--awb-background-color:#ffffff;\" ><div class=\"fusion-builder-row fusion-row fusion-flex-align-items-flex-start\" style=\"max-width:1248px;margin-left: calc(-4% \/ 2 );margin-right: calc(-4% \/ 2 );\"><div class=\"fusion-layout-column fusion_builder_column fusion-builder-column-1 fusion_builder_column_1_2 1_2 fusion-flex-column fusion-flex-align-self-center\" style=\"--awb-bg-size:cover;--awb-width-large:50%;--awb-spacing-right-large:3.84%;--awb-spacing-left-large:3.84%;--awb-width-medium:50%;--awb-order-medium:0;--awb-spacing-right-medium:3.84%;--awb-spacing-left-medium:3.84%;--awb-width-small:100%;--awb-order-small:0;--awb-spacing-right-small:1.92%;--awb-spacing-left-small:1.92%;\"><div class=\"fusion-column-wrapper fusion-column-has-shadow fusion-flex-justify-content-center fusion-content-layout-column\"><div class=\"fusion-text fusion-text-1\"><p class=\"p1\">Kayseri, T\u00fcrkiye&#8217;nin kalbinde Kapadokya&#8217;n\u0131n ortas\u0131nda yer alan Kayseri ilinin ba\u015fkentidir. B\u00f6lge sadece \u00e7e\u015fitli turistik yerler i\u00e7in ba\u015flang\u0131\u00e7 noktas\u0131 de\u011fil, ayn\u0131 zamanda y\u00f6resel mutfa\u011f\u0131 ve spesiyaliteleri ile de tan\u0131nmaktad\u0131r.<\/p>\n<\/div><\/div><\/div><div class=\"fusion-layout-column fusion_builder_column fusion-builder-column-2 fusion_builder_column_1_2 1_2 fusion-flex-column fusion-flex-align-self-center\" style=\"--awb-bg-size:cover;--awb-width-large:50%;--awb-spacing-right-large:3.84%;--awb-spacing-left-large:3.84%;--awb-width-medium:50%;--awb-order-medium:0;--awb-spacing-right-medium:3.84%;--awb-spacing-left-medium:3.84%;--awb-width-small:100%;--awb-order-small:0;--awb-spacing-right-small:1.92%;--awb-spacing-left-small:1.92%;\"><div class=\"fusion-column-wrapper fusion-column-has-shadow fusion-flex-justify-content-center fusion-content-layout-column\"><div class=\"fusion-image-element \" style=\"text-align:center;\"><span class=\" fusion-imageframe imageframe-none imageframe-1 hover-type-none\" style=\"border:1px solid var(--awb-color3);\"><img decoding=\"async\" width=\"1200\" height=\"660\" title=\"Mount Erciyes in Kayseri, Turkey\" src=\"https:\/\/guerkan-pastirma.de\/wp-content\/uploads\/2022\/12\/GUERKAN-mount-kayseri.jpg\" data-orig-src=\"https:\/\/guerkan-pastirma.de\/wp-content\/uploads\/2022\/12\/GUERKAN-mount-kayseri.jpg\" alt class=\"lazyload img-responsive wp-image-790\" srcset=\"data:image\/svg+xml,%3Csvg%20xmlns%3D%27http%3A%2F%2Fwww.w3.org%2F2000%2Fsvg%27%20width%3D%271200%27%20height%3D%27660%27%20viewBox%3D%270%200%201200%20660%27%3E%3Crect%20width%3D%271200%27%20height%3D%27660%27%20fill-opacity%3D%220%22%2F%3E%3C%2Fsvg%3E\" data-srcset=\"https:\/\/guerkan-pastirma.de\/wp-content\/uploads\/2022\/12\/GUERKAN-mount-kayseri-200x110.jpg 200w, https:\/\/guerkan-pastirma.de\/wp-content\/uploads\/2022\/12\/GUERKAN-mount-kayseri-400x220.jpg 400w, https:\/\/guerkan-pastirma.de\/wp-content\/uploads\/2022\/12\/GUERKAN-mount-kayseri-600x330.jpg 600w, https:\/\/guerkan-pastirma.de\/wp-content\/uploads\/2022\/12\/GUERKAN-mount-kayseri-800x440.jpg 800w, https:\/\/guerkan-pastirma.de\/wp-content\/uploads\/2022\/12\/GUERKAN-mount-kayseri.jpg 1200w\" data-sizes=\"auto\" data-orig-sizes=\"(max-width: 640px) 100vw, 600px\" \/><\/span><\/div><\/div><\/div><\/div><\/div><div class=\"fusion-fullwidth fullwidth-box fusion-builder-row-3 fusion-flex-container has-pattern-background has-mask-background nonhundred-percent-fullwidth non-hundred-percent-height-scrolling\" style=\"--awb-border-radius-top-left:0px;--awb-border-radius-top-right:0px;--awb-border-radius-bottom-right:0px;--awb-border-radius-bottom-left:0px;--awb-margin-top:20px;--awb-background-color:#ffffff;\" ><div class=\"fusion-builder-row fusion-row fusion-flex-align-items-flex-start\" style=\"max-width:1248px;margin-left: calc(-4% \/ 2 );margin-right: calc(-4% \/ 2 );\"><div class=\"fusion-layout-column fusion_builder_column fusion-builder-column-3 fusion_builder_column_1_1 1_1 fusion-flex-column fusion-flex-align-self-center\" style=\"--awb-bg-size:cover;--awb-width-large:100%;--awb-spacing-right-large:1.92%;--awb-spacing-left-large:1.92%;--awb-width-medium:100%;--awb-order-medium:0;--awb-spacing-right-medium:1.92%;--awb-spacing-left-medium:1.92%;--awb-width-small:100%;--awb-order-small:0;--awb-spacing-right-small:1.92%;--awb-spacing-left-small:1.92%;\"><div class=\"fusion-column-wrapper fusion-column-has-shadow fusion-flex-justify-content-center fusion-content-layout-column\"><div class=\"fusion-separator fusion-has-icon fusion-full-width-sep\" style=\"align-self: center;margin-left: auto;margin-right: auto;flex-grow:1;margin-top:20px;margin-bottom:20px;width:100%;\"><div class=\"fusion-separator-border sep-single sep-solid\" style=\"border-color:var(--awb-color2);border-top-width:1px;\"><\/div><span class=\"icon-wrapper\" style=\"border-color:transparent;font-size:16px;width: 1.75em; height: 1.75em;border-width:1px;padding:1px;margin-top:-0.5px\"><i class=\"fa-certificate fas\" style=\"font-size: inherit;color:var(--awb-color3);\" aria-hidden=\"true\"><\/i><\/span><div class=\"fusion-separator-border sep-single sep-solid\" style=\"border-color:var(--awb-color2);border-top-width:1px;\"><\/div><\/div><\/div><\/div><\/div><\/div><div class=\"fusion-fullwidth fullwidth-box fusion-builder-row-4 fusion-flex-container has-pattern-background has-mask-background nonhundred-percent-fullwidth non-hundred-percent-height-scrolling\" style=\"--awb-border-radius-top-left:0px;--awb-border-radius-top-right:0px;--awb-border-radius-bottom-right:0px;--awb-border-radius-bottom-left:0px;--awb-background-color:#ffffff;\" ><div class=\"fusion-builder-row fusion-row fusion-flex-align-items-flex-start\" style=\"max-width:1248px;margin-left: calc(-4% \/ 2 );margin-right: calc(-4% \/ 2 );\"><div class=\"fusion-layout-column fusion_builder_column fusion-builder-column-4 fusion_builder_column_1_2 1_2 fusion-flex-column fusion-flex-align-self-center\" style=\"--awb-bg-size:cover;--awb-width-large:50%;--awb-spacing-right-large:3.84%;--awb-spacing-left-large:3.84%;--awb-width-medium:50%;--awb-order-medium:0;--awb-spacing-right-medium:3.84%;--awb-spacing-left-medium:3.84%;--awb-width-small:100%;--awb-order-small:0;--awb-spacing-right-small:1.92%;--awb-spacing-left-small:1.92%;\"><div class=\"fusion-column-wrapper fusion-column-has-shadow fusion-flex-justify-content-center fusion-content-layout-column\"><div class=\"fusion-image-element \" style=\"text-align:center;\"><span class=\" fusion-imageframe imageframe-none imageframe-2 hover-type-none\" style=\"border:1px solid var(--awb-color3);\"><img decoding=\"async\" width=\"1200\" height=\"800\" title=\"Horse Rearing in Water, Kayseri, Turkey\" src=\"https:\/\/guerkan-pastirma.de\/wp-content\/uploads\/2022\/12\/GUERKAN-horse-rearing-water-kayseri.jpg\" data-orig-src=\"https:\/\/guerkan-pastirma.de\/wp-content\/uploads\/2022\/12\/GUERKAN-horse-rearing-water-kayseri.jpg\" alt class=\"lazyload img-responsive wp-image-787\" srcset=\"data:image\/svg+xml,%3Csvg%20xmlns%3D%27http%3A%2F%2Fwww.w3.org%2F2000%2Fsvg%27%20width%3D%271200%27%20height%3D%27800%27%20viewBox%3D%270%200%201200%20800%27%3E%3Crect%20width%3D%271200%27%20height%3D%27800%27%20fill-opacity%3D%220%22%2F%3E%3C%2Fsvg%3E\" data-srcset=\"https:\/\/guerkan-pastirma.de\/wp-content\/uploads\/2022\/12\/GUERKAN-horse-rearing-water-kayseri-200x133.jpg 200w, https:\/\/guerkan-pastirma.de\/wp-content\/uploads\/2022\/12\/GUERKAN-horse-rearing-water-kayseri-400x267.jpg 400w, https:\/\/guerkan-pastirma.de\/wp-content\/uploads\/2022\/12\/GUERKAN-horse-rearing-water-kayseri-600x400.jpg 600w, https:\/\/guerkan-pastirma.de\/wp-content\/uploads\/2022\/12\/GUERKAN-horse-rearing-water-kayseri-800x533.jpg 800w, https:\/\/guerkan-pastirma.de\/wp-content\/uploads\/2022\/12\/GUERKAN-horse-rearing-water-kayseri.jpg 1200w\" data-sizes=\"auto\" data-orig-sizes=\"(max-width: 640px) 100vw, 600px\" \/><\/span><\/div><\/div><\/div><div class=\"fusion-layout-column fusion_builder_column fusion-builder-column-5 fusion_builder_column_1_2 1_2 fusion-flex-column fusion-flex-align-self-center\" style=\"--awb-bg-size:cover;--awb-width-large:50%;--awb-spacing-right-large:3.84%;--awb-spacing-left-large:3.84%;--awb-width-medium:50%;--awb-order-medium:0;--awb-spacing-right-medium:3.84%;--awb-spacing-left-medium:3.84%;--awb-width-small:100%;--awb-order-small:0;--awb-spacing-right-small:1.92%;--awb-spacing-left-small:1.92%;\"><div class=\"fusion-column-wrapper fusion-column-has-shadow fusion-flex-justify-content-center fusion-content-layout-column\"><div class=\"fusion-text fusion-text-2\"><p class=\"p1\">&#8220;Efsaneye g\u00f6re, ilk Kayseri Past\u0131rmas\u0131 y\u00fczlerce y\u0131l \u00f6nce Kayseri&#8217;de ya\u015fayan g\u00f6\u00e7ebe n\u00fcfus taraf\u0131ndan haz\u0131rlanm\u0131\u015ft\u0131r. Kurutulmu\u015f s\u0131\u011f\u0131r etinin k\u0131vam\u0131 ve dayan\u0131kl\u0131l\u0131\u011f\u0131, bunu insanlar\u0131n yolda yemesi i\u00e7in ideal hale getirmi\u015ftir. Eyer \u00e7antalar\u0131n\u0131n alt\u0131nda ta\u015f\u0131nm\u0131\u015f ve eyer ile binicinin a\u011f\u0131rl\u0131\u011f\u0131yla kurumaya b\u0131rak\u0131lm\u0131\u015ft\u0131r. Orijinal ad\u0131 &#8220;&#8221;bastirma et&#8221;&#8221; olup &#8220;&#8221;preslenmi\u015f et&#8221;&#8221; anlam\u0131na gelmektedir. (Resim: Erciyes&#8217;ten \u00f6nce Kayseri vadisinde yerel bir binici)&#8221;<\/p>\n<\/div><\/div><\/div><\/div><\/div><div class=\"fusion-fullwidth fullwidth-box fusion-builder-row-5 fusion-flex-container has-pattern-background has-mask-background nonhundred-percent-fullwidth non-hundred-percent-height-scrolling\" style=\"--awb-border-radius-top-left:0px;--awb-border-radius-top-right:0px;--awb-border-radius-bottom-right:0px;--awb-border-radius-bottom-left:0px;--awb-margin-top:20px;--awb-background-color:#ffffff;\" ><div class=\"fusion-builder-row fusion-row fusion-flex-align-items-flex-start\" style=\"max-width:1248px;margin-left: calc(-4% \/ 2 );margin-right: calc(-4% \/ 2 );\"><div class=\"fusion-layout-column fusion_builder_column fusion-builder-column-6 fusion_builder_column_1_1 1_1 fusion-flex-column fusion-flex-align-self-center\" style=\"--awb-bg-size:cover;--awb-width-large:100%;--awb-spacing-right-large:1.92%;--awb-spacing-left-large:1.92%;--awb-width-medium:100%;--awb-order-medium:0;--awb-spacing-right-medium:1.92%;--awb-spacing-left-medium:1.92%;--awb-width-small:100%;--awb-order-small:0;--awb-spacing-right-small:1.92%;--awb-spacing-left-small:1.92%;\"><div class=\"fusion-column-wrapper fusion-column-has-shadow fusion-flex-justify-content-center fusion-content-layout-column\"><div class=\"fusion-separator fusion-has-icon fusion-full-width-sep\" style=\"align-self: center;margin-left: auto;margin-right: auto;flex-grow:1;margin-top:20px;margin-bottom:20px;width:100%;\"><div class=\"fusion-separator-border sep-single sep-solid\" style=\"border-color:var(--awb-color2);border-top-width:1px;\"><\/div><span class=\"icon-wrapper\" style=\"border-color:transparent;font-size:16px;width: 1.75em; height: 1.75em;border-width:1px;padding:1px;margin-top:-0.5px\"><i class=\"fa-certificate fas\" style=\"font-size: inherit;color:var(--awb-color3);\" aria-hidden=\"true\"><\/i><\/span><div class=\"fusion-separator-border sep-single sep-solid\" style=\"border-color:var(--awb-color2);border-top-width:1px;\"><\/div><\/div><\/div><\/div><\/div><\/div><div class=\"fusion-fullwidth fullwidth-box fusion-builder-row-6 fusion-flex-container has-pattern-background has-mask-background nonhundred-percent-fullwidth non-hundred-percent-height-scrolling\" style=\"--awb-border-radius-top-left:0px;--awb-border-radius-top-right:0px;--awb-border-radius-bottom-right:0px;--awb-border-radius-bottom-left:0px;--awb-background-color:#ffffff;\" ><div class=\"fusion-builder-row fusion-row fusion-flex-align-items-flex-start\" style=\"max-width:1248px;margin-left: calc(-4% \/ 2 );margin-right: calc(-4% \/ 2 );\"><div class=\"fusion-layout-column fusion_builder_column fusion-builder-column-7 fusion_builder_column_1_2 1_2 fusion-flex-column fusion-flex-align-self-center\" style=\"--awb-bg-size:cover;--awb-width-large:50%;--awb-spacing-right-large:3.84%;--awb-spacing-left-large:3.84%;--awb-width-medium:50%;--awb-order-medium:0;--awb-spacing-right-medium:3.84%;--awb-spacing-left-medium:3.84%;--awb-width-small:100%;--awb-order-small:0;--awb-spacing-right-small:1.92%;--awb-spacing-left-small:1.92%;\"><div class=\"fusion-column-wrapper fusion-column-has-shadow fusion-flex-justify-content-center fusion-content-layout-column\"><div class=\"fusion-text fusion-text-3\"><p class=\"p1\">Bug\u00fcn Past\u0131rma olmadan T\u00fcrk ve d\u00fcnya mutfa\u011f\u0131n\u0131 hayal etmek imkans\u0131zd\u0131r ve sadece di\u011fer Balkan \u00fclkelerindeki varyasyonlar\u0131yla bilinmekle kalmaz, ayn\u0131 zamanda \u00f6zellikle ABD&#8217;de takdir edilen Pastrami&#8217;nin de \u00f6nc\u00fcs\u00fcd\u00fcr.<\/p>\n<\/div><\/div><\/div><div class=\"fusion-layout-column fusion_builder_column fusion-builder-column-8 fusion_builder_column_1_2 1_2 fusion-flex-column fusion-flex-align-self-center\" style=\"--awb-bg-size:cover;--awb-width-large:50%;--awb-spacing-right-large:3.84%;--awb-spacing-left-large:3.84%;--awb-width-medium:50%;--awb-order-medium:0;--awb-spacing-right-medium:3.84%;--awb-spacing-left-medium:3.84%;--awb-width-small:100%;--awb-order-small:0;--awb-spacing-right-small:1.92%;--awb-spacing-left-small:1.92%;\"><div class=\"fusion-column-wrapper fusion-column-has-shadow fusion-flex-justify-content-center fusion-content-layout-column\"><div class=\"fusion-image-element \" style=\"text-align:center;\"><span class=\" fusion-imageframe imageframe-none imageframe-3 hover-type-none\" style=\"border:1px solid var(--awb-color3);\"><img decoding=\"async\" width=\"1200\" height=\"836\" title=\"GUE0030-essen\" src=\"https:\/\/guerkan-pastirma.de\/wp-content\/uploads\/2023\/01\/GUE0030-essen.jpg\" data-orig-src=\"https:\/\/guerkan-pastirma.de\/wp-content\/uploads\/2023\/01\/GUE0030-essen.jpg\" alt class=\"lazyload img-responsive wp-image-939\" srcset=\"data:image\/svg+xml,%3Csvg%20xmlns%3D%27http%3A%2F%2Fwww.w3.org%2F2000%2Fsvg%27%20width%3D%271200%27%20height%3D%27836%27%20viewBox%3D%270%200%201200%20836%27%3E%3Crect%20width%3D%271200%27%20height%3D%27836%27%20fill-opacity%3D%220%22%2F%3E%3C%2Fsvg%3E\" data-srcset=\"https:\/\/guerkan-pastirma.de\/wp-content\/uploads\/2023\/01\/GUE0030-essen-200x139.jpg 200w, https:\/\/guerkan-pastirma.de\/wp-content\/uploads\/2023\/01\/GUE0030-essen-400x279.jpg 400w, https:\/\/guerkan-pastirma.de\/wp-content\/uploads\/2023\/01\/GUE0030-essen-600x418.jpg 600w, https:\/\/guerkan-pastirma.de\/wp-content\/uploads\/2023\/01\/GUE0030-essen-800x557.jpg 800w, https:\/\/guerkan-pastirma.de\/wp-content\/uploads\/2023\/01\/GUE0030-essen.jpg 1200w\" data-sizes=\"auto\" data-orig-sizes=\"(max-width: 640px) 100vw, 600px\" \/><\/span><\/div><\/div><\/div><\/div><\/div><\/p>\n","protected":false},"excerpt":{"rendered":"","protected":false},"author":1,"featured_media":0,"parent":0,"menu_order":0,"comment_status":"closed","ping_status":"closed","template":"100-width.php","meta":{"footnotes":""},"class_list":["post-1149","page","type-page","status-publish","hentry"],"acf":[],"_links":{"self":[{"href":"https:\/\/guerkan-pastirma.de\/tr\/wp-json\/wp\/v2\/pages\/1149","targetHints":{"allow":["GET"]}}],"collection":[{"href":"https:\/\/guerkan-pastirma.de\/tr\/wp-json\/wp\/v2\/pages"}],"about":[{"href":"https:\/\/guerkan-pastirma.de\/tr\/wp-json\/wp\/v2\/types\/page"}],"author":[{"embeddable":true,"href":"https:\/\/guerkan-pastirma.de\/tr\/wp-json\/wp\/v2\/users\/1"}],"replies":[{"embeddable":true,"href":"https:\/\/guerkan-pastirma.de\/tr\/wp-json\/wp\/v2\/comments?post=1149"}],"version-history":[{"count":8,"href":"https:\/\/guerkan-pastirma.de\/tr\/wp-json\/wp\/v2\/pages\/1149\/revisions"}],"predecessor-version":[{"id":1484,"href":"https:\/\/guerkan-pastirma.de\/tr\/wp-json\/wp\/v2\/pages\/1149\/revisions\/1484"}],"wp:attachment":[{"href":"https:\/\/guerkan-pastirma.de\/tr\/wp-json\/wp\/v2\/media?parent=1149"}],"curies":[{"name":"wp","href":"https:\/\/api.w.org\/{rel}","templated":true}]}}