{"id":1291,"date":"2023-02-08T10:45:37","date_gmt":"2023-02-08T09:45:37","guid":{"rendered":"https:\/\/guerkan-pastirma.de\/?page_id=1291"},"modified":"2023-02-22T12:18:09","modified_gmt":"2023-02-22T11:18:09","slug":"impressum-2","status":"publish","type":"page","link":"https:\/\/guerkan-pastirma.de\/en\/impressum-2\/","title":{"rendered":"Imprint"},"content":{"rendered":"<div class=\"fusion-fullwidth fullwidth-box fusion-builder-row-1 fusion-flex-container has-pattern-background has-mask-background nonhundred-percent-fullwidth non-hundred-percent-height-scrolling\" style=\"--awb-border-radius-top-left:0px;--awb-border-radius-top-right:0px;--awb-border-radius-bottom-right:0px;--awb-border-radius-bottom-left:0px;\" ><div class=\"fusion-builder-row fusion-row fusion-flex-align-items-flex-start\" style=\"max-width:1248px;margin-left: calc(-4% \/ 2 );margin-right: calc(-4% \/ 2 );\"><div class=\"fusion-layout-column fusion_builder_column fusion-builder-column-0 fusion_builder_column_5_6 5_6 fusion-flex-column\" style=\"--awb-bg-size:cover;--awb-width-large:83.333333333333%;--awb-spacing-right-large:2.304%;--awb-spacing-left-large:2.304%;--awb-width-medium:83.333333333333%;--awb-order-medium:0;--awb-spacing-right-medium:2.304%;--awb-spacing-left-medium:2.304%;--awb-width-small:100%;--awb-order-small:0;--awb-spacing-right-small:1.92%;--awb-spacing-left-small:1.92%;\"><div class=\"fusion-column-wrapper fusion-column-has-shadow fusion-flex-justify-content-flex-start fusion-content-layout-column\"><div class=\"fusion-title title fusion-title-1 fusion-sep-none fusion-title-text fusion-title-size-one\"><h1 class=\"title-heading-left\" style=\"margin:0;\"><h1>Impressum<\/h1><\/h1><\/div><div class=\"fusion-title title fusion-title-2 fusion-sep-none fusion-title-text fusion-title-size-two\" style=\"--awb-font-size:20px;\"><h2 class=\"title-heading-left\" style=\"margin:0;font-size:1em;\">Angaben gem\u00e4\u00df \u00a7 5 TMG<\/h2><\/div><div class=\"fusion-text fusion-text-1\"><p><strong>G\u00fcrkan Schinkenproduktion GmbH<\/strong><\/p>\n<p><strong>Industriestra\u00dfe 28<\/strong><\/p>\n<p><strong>33161 H\u00f6velhof<\/strong><\/p>\n<p><strong>Deutschland<\/strong><\/p>\n<p><strong>Handelsregister: HRB 10715<\/strong><\/p>\n<p><strong>Registergericht: Amtsgericht Paderborn<\/strong><\/p>\n<p><strong>\u00a0<\/strong><\/p>\n<p><strong>DE NW-30251 EG<\/strong><\/p>\n<p><strong>\u00a0<\/strong><\/p>\n<p><strong>Gesch\u00e4ftsf\u00fchrer:<\/strong><\/p>\n<p><strong>\u00dcmit\u00a0<\/strong><b>A\u011f\u0131l\u00f6n\u00fc <\/b><\/p>\n<p><b>Michael Wild\u00a0<\/b><\/p>\n<\/div><div class=\"fusion-title title fusion-title-3 fusion-sep-none fusion-title-text fusion-title-size-two\" style=\"--awb-font-size:20px;\"><h2 class=\"title-heading-left\" style=\"margin:0;font-size:1em;\"><h2>Kontakt<\/h2><\/h2><\/div><div class=\"fusion-text fusion-text-2\"><p>Telefon: +49 (0) 5257 93 58 30<br \/>\nTelefax: +49 (0) 5257 93 63 40<br \/>\nE-Mail:\u00a0<a href=\"https:\/\/web.archive.org\/web\/20210621200439\/mailto:info@guerkan-pastirma.de\">info@guerkan-pastirma.de<\/a><\/p>\n<\/div><div class=\"fusion-title title fusion-title-4 fusion-sep-none fusion-title-text fusion-title-size-two\" style=\"--awb-font-size:20px;\"><h2 class=\"title-heading-left\" style=\"margin:0;font-size:1em;\"><h2>Umsatzsteuer-ID<\/h2><\/h2><\/div><div class=\"fusion-text fusion-text-3\"><p><strong>Umsatzsteuer-Identifikationsnummer gem\u00e4\u00df \u00a7 27 a Umsatzsteuergesetz:<\/strong><br \/>\n<strong>DE 284474047<\/strong><\/p>\n<\/div><div class=\"fusion-title title fusion-title-5 fusion-sep-none fusion-title-text fusion-title-size-two\" style=\"--awb-font-size:20px;\"><h2 class=\"title-heading-left\" style=\"margin:0;font-size:1em;\"><h2>Steuernummer<\/h2><\/h2><\/div><div class=\"fusion-text fusion-text-4\"><p><strong>Steuernummer: 339\/5818\/1536<\/strong><br \/>\n<strong>Finanzamt Paderborn<\/strong><\/p>\n<\/div><div class=\"fusion-title title fusion-title-6 fusion-sep-none fusion-title-text fusion-title-size-two\" style=\"--awb-font-size:20px;\"><h2 class=\"title-heading-left\" style=\"margin:0;font-size:1em;\"><h2>Verbraucher\u00adstreit\u00adbeilegung\/Universal\u00adschlichtungs\u00adstelle<\/h2><\/h2><\/div><div class=\"fusion-text fusion-text-5\"><p>Wir sind nicht bereit oder verpflichtet, an Streitbeilegungsverfahren vor einer Verbraucherschlichtungsstelle teilzunehmen.<\/p>\n<\/div><div class=\"fusion-title title fusion-title-7 fusion-sep-none fusion-title-text fusion-title-size-two\" style=\"--awb-font-size:20px;\"><h2 class=\"title-heading-left\" style=\"margin:0;font-size:1em;\"><h3>Haftung f\u00fcr Inhalte<\/h3><\/h2><\/div><div class=\"fusion-text fusion-text-6\"><p>Als Diensteanbieter sind wir gem\u00e4\u00df \u00a7 7 Abs.1 TMG f\u00fcr eigene Inhalte auf diesen Seiten nach den allgemeinen Gesetzen verantwortlich. Nach \u00a7\u00a7 8 bis 10 TMG sind wir als Diensteanbieter jedoch nicht verpflichtet, \u00fcbermittelte oder gespeicherte fremde Informationen zu \u00fcberwachen oder nach Umst\u00e4nden zu forschen, die auf eine rechtswidrige T\u00e4tigkeit hinweisen.<\/p>\n<p>Verpflichtungen zur Entfernung oder Sperrung der Nutzung von Informationen nach den allgemeinen Gesetzen bleiben hiervon unber\u00fchrt. Eine diesbez\u00fcgliche Haftung ist jedoch erst ab dem Zeitpunkt der Kenntnis einer konkreten Rechtsverletzung m\u00f6glich. Bei Bekanntwerden von entsprechenden Rechtsverletzungen werden wir diese Inhalte umgehend entfernen.<\/p>\n<\/div><div class=\"fusion-title title fusion-title-8 fusion-sep-none fusion-title-text fusion-title-size-two\" style=\"--awb-font-size:20px;\"><h2 class=\"title-heading-left\" style=\"margin:0;font-size:1em;\"><h3>Haftung f\u00fcr Links<\/h3><\/h2><\/div><div class=\"fusion-text fusion-text-7\"><p>Unser Angebot enth\u00e4lt Links zu externen Websites Dritter, auf deren Inhalte wir keinen Einfluss haben. Deshalb k\u00f6nnen wir f\u00fcr diese fremden Inhalte auch keine Gew\u00e4hr \u00fcbernehmen. F\u00fcr die Inhalte der verlinkten Seiten ist stets der jeweilige Anbieter oder Betreiber der Seiten verantwortlich. Die verlinkten Seiten wurden zum Zeitpunkt der Verlinkung auf m\u00f6gliche Rechtsverst\u00f6\u00dfe \u00fcberpr\u00fcft. Rechtswidrige Inhalte waren zum Zeitpunkt der Verlinkung nicht erkennbar.<\/p>\n<p>Eine permanente inhaltliche Kontrolle der verlinkten Seiten ist jedoch ohne konkrete Anhaltspunkte einer Rechtsverletzung nicht zumutbar. Bei Bekanntwerden von Rechtsverletzungen werden wir derartige Links umgehend entfernen.<\/p>\n<\/div><div class=\"fusion-title title fusion-title-9 fusion-sep-none fusion-title-text fusion-title-size-two\" style=\"--awb-font-size:20px;\"><h2 class=\"title-heading-left\" style=\"margin:0;font-size:1em;\"><h3>Urheberrecht<\/h3><\/h2><\/div><div class=\"fusion-text fusion-text-8\"><p>Die durch die Seitenbetreiber erstellten Inhalte und Werke auf diesen Seiten unterliegen dem deutschen Urheberrecht. Die Vervielf\u00e4ltigung, Bearbeitung, Verbreitung und jede Art der Verwertung au\u00dferhalb der Grenzen des Urheberrechtes bed\u00fcrfen der schriftlichen Zustimmung des jeweiligen Autors bzw. Erstellers. Downloads und Kopien dieser Seite sind nur f\u00fcr den privaten, nicht kommerziellen Gebrauch gestattet.<\/p>\n<p>Soweit die Inhalte auf dieser Seite nicht vom Betreiber erstellt wurden, werden die Urheberrechte Dritter beachtet. Insbesondere werden Inhalte Dritter als solche gekennzeichnet. Sollten Sie trotzdem auf eine Urheberrechtsverletzung aufmerksam werden, bitten wir um einen entsprechenden Hinweis. Bei Bekanntwerden von Rechtsverletzungen werden wir derartige Inhalte umgehend entfernen.<\/p>\n<\/div><\/div><\/div><\/div><\/div>\n","protected":false},"excerpt":{"rendered":"","protected":false},"author":1,"featured_media":0,"parent":0,"menu_order":0,"comment_status":"closed","ping_status":"closed","template":"100-width.php","meta":{"footnotes":""},"class_list":["post-1291","page","type-page","status-publish","hentry"],"acf":[],"_links":{"self":[{"href":"https:\/\/guerkan-pastirma.de\/en\/wp-json\/wp\/v2\/pages\/1291","targetHints":{"allow":["GET"]}}],"collection":[{"href":"https:\/\/guerkan-pastirma.de\/en\/wp-json\/wp\/v2\/pages"}],"about":[{"href":"https:\/\/guerkan-pastirma.de\/en\/wp-json\/wp\/v2\/types\/page"}],"author":[{"embeddable":true,"href":"https:\/\/guerkan-pastirma.de\/en\/wp-json\/wp\/v2\/users\/1"}],"replies":[{"embeddable":true,"href":"https:\/\/guerkan-pastirma.de\/en\/wp-json\/wp\/v2\/comments?post=1291"}],"version-history":[{"count":7,"href":"https:\/\/guerkan-pastirma.de\/en\/wp-json\/wp\/v2\/pages\/1291\/revisions"}],"predecessor-version":[{"id":1487,"href":"https:\/\/guerkan-pastirma.de\/en\/wp-json\/wp\/v2\/pages\/1291\/revisions\/1487"}],"wp:attachment":[{"href":"https:\/\/guerkan-pastirma.de\/en\/wp-json\/wp\/v2\/media?parent=1291"}],"curies":[{"name":"wp","href":"https:\/\/api.w.org\/{rel}","templated":true}]}}